{"id":150,"date":"2017-04-12T13:44:36","date_gmt":"2017-04-12T11:44:36","guid":{"rendered":"http:\/\/resoadom33.org\/?page_id=150"},"modified":"2026-03-23T11:52:15","modified_gmt":"2026-03-23T10:52:15","slug":"aides","status":"publish","type":"page","link":"https:\/\/resoadom33.org\/index.php\/aides\/","title":{"rendered":"Aides"},"content":{"rendered":"<h2>Aides financi\u00e8res<\/h2>\n<p>Il existe certaines aides pour financer des prestations de services \u00e0 la personne selon les cas.<\/p>\n<h3><em>Pour les personnes \u00e2g\u00e9es et\/ou d\u00e9pendantes<\/em><\/h3>\n<h4>L\u2019<strong>Allocation Personnalis\u00e9e d\u2019Autonomie <\/strong>(<strong>APA<\/strong>)<\/h4>\n<p>Elle est destin\u00e9e \u00e0 couvrir en partie les d\u00e9penses de toute nature, concourant \u00e0 l&rsquo;autonomie des personnes \u00e2g\u00e9es ayant besoin d&rsquo;aides pour accomplir des actes essentiels de la vie ou dont l&rsquo;\u00e9tat n\u00e9cessite une surveillance r\u00e9guli\u00e8re. Elle est attribu\u00e9e, sous certaines conditions, par les conseils d\u00e9partementaux aux personnes h\u00e9berg\u00e9es \u00e0 domicile.<\/p>\n<h4>L\u2019<strong>Allocation de Solidarit\u00e9 aux Personnes \u00e2g\u00e9es<\/strong> (<strong>ASPA<\/strong>)<\/h4>\n<p>Allocation destin\u00e9e aux personnes \u00e2g\u00e9es disposant de faibles revenus, en vue de leur assurer un niveau minimum de ressources.<\/p>\n<h4><strong>Des aides sociales<\/strong><\/h4>\n<p>Votre commune, votre d\u00e9partement ou des caisses de retraite proposent \u00e9galement des aides sociales. Pour en savoir plus sur ces aides, contactez les services sociaux de votre commune, de votre d\u00e9partement ou votre caisse de retraite.<\/p>\n<h3><em>Pour les personnes handicap\u00e9es<\/em><\/h3>\n<h4><em>\u00a0<\/em><strong>La prestation de compensation du handicap (PCH) <\/strong><\/h4>\n<p>C\u2019est une aide personnalis\u00e9e destin\u00e9e \u00e0 financer les besoins li\u00e9s \u00e0 la perte d\u2019autonomie des personnes handicap\u00e9es. Cette prestation couvre les aides humaines et les aides mat\u00e9rielles (am\u00e9nagements du logement et du v\u00e9hicule). Elle est vers\u00e9e par le conseil d\u00e9partemental, sans condition de ressources.<\/p>\n<h4><strong>L\u2019allocation d\u2019\u00e9ducation de l\u2019enfant handicap\u00e9 (AEEH) <\/strong><\/h4>\n<p>Allocation destin\u00e9e aux enfants et aux jeunes de moins de 20 ans. \u00a0C\u2019est une prestation familiale amen\u00e9e \u00e0 soutenir les personnes qui assurent la charge d\u2019un enfant handicap\u00e9. L\u2019AEEH n\u2019est pas soumise \u00e0 condition de ressources.<\/p>\n<h3><em>Pour les enfants de moins de 6 ans<\/em><\/h3>\n<p>Dans le cadre d\u2019une prestation de garde d\u2019enfants \u00e0 domicile ou d\u2019un recours \u00e0 un assistant maternel agr\u00e9\u00e9, le compl\u00e9ment de libre choix du mode de garde peut \u00eatre sollicit\u00e9 aupr\u00e8s de la <em>Caisse d\u2019Allocations Familiales.<\/em><\/p>\n<p>En cas d\u2019emploi direct d\u2019un assistant maternel ou d\u2019une garde d\u2019enfant \u00e0 domicile, la CAF peut prendre en charge une partie de la r\u00e9mun\u00e9ration du salari\u00e9 : le montant de la prise en charge partielle de la r\u00e9mun\u00e9ration du salari\u00e9 d\u00e9pend des revenus, du nombre d\u2019enfants et de leur \u00e2ge.<\/p>\n<h2>Avantage fiscal<\/h2>\n<p>Certains avantages fiscaux et sociaux sont accord\u00e9s aux usagers de services \u00e0 la personne. Des all\u00e8gements fiscaux et des exon\u00e9rations de charges sociales ont \u00e9t\u00e9 mis en place par l\u2019Etat pour faciliter l\u2019acc\u00e8s des m\u00e9nages aux services \u00e0 la personne.<\/p>\n<h3><em>Les avantages fiscaux : r\u00e9duction ou cr\u00e9dit d\u2019imp\u00f4t<\/em><\/h3>\n<p>L\u2019avantage fiscal prend la forme d\u2019un cr\u00e9dit d\u2019imp\u00f4t sur le revenu \u00e9gal \u00e0 50 % des d\u00e9penses engag\u00e9es pour des prestations de services \u00e0 la personne dans la limite de 12 000 \u20ac par an.<\/p>\n<p>Des majorations du plafond annuel de d\u00e9penses (jusqu\u2019\u00e0 20 000 \u20ac maximum) peuvent intervenir en fonction du nombre d\u2019enfants \u00e0 charge, de la pr\u00e9sence d\u2019enfants handicap\u00e9s, d\u2019ascendants vivant au domicile du d\u00e9clarant\u2026 (<em>Article 199 sexdecies du Code G\u00e9n\u00e9ral des Imp\u00f4ts<\/em>).<\/p>\n<p>Ce plafond est applicable pour toutes les activit\u00e9s de services \u00e0 la personne, sauf pour :<\/p>\n<ul>\n<li>Le petit jardinage \u00e0 domicile : plafond limit\u00e9 \u00e0 5 000 \u20ac,<\/li>\n<li>L&rsquo;assistance informatique et internet : plafond limit\u00e9 \u00e0 3 000 \u20ac,<\/li>\n<li>Le petit bricolage : plafond limit\u00e9 \u00e0 500 \u20ac (une intervention ne peut d\u00e9passer 2 heures).<\/li>\n<\/ul>\n<h3><em>CESU pr\u00e9financ\u00e9<\/em><\/h3>\n<p>L\u2019aide financi\u00e8re vers\u00e9e par l\u2019employeur ou le comit\u00e9 d\u2019entreprise en faveur des salari\u00e9s pour financer des services \u00e0 la personne (<em>article 81-37 du CGI<\/em>) n\u2019est pas soumise \u00e0 l\u2019imp\u00f4t.<\/p>\n<h4><em>Les exon\u00e9rations de cotisations patronales de s\u00e9curit\u00e9 sociale<\/em><\/h4>\n<ul>\n<li><strong>Pour tous les particuliers-employeurs<\/strong><\/li>\n<\/ul>\n<p>Abattement de 2 \u20ac par heure travaill\u00e9e sur la cotisation patronale d\u2019assurance maladie, maternit\u00e9, invalidit\u00e9 et d\u00e9c\u00e8s pour les particuliers-employeurs (<em>code de la s\u00e9curit\u00e9 sociale article L241-10<\/em>).<\/p>\n<ul>\n<li><strong>Pour les personnes de plus de 70 ans, d\u00e9pendants ou handicap\u00e9s, parents d\u2019un enfant handicap\u00e9<\/strong><\/li>\n<\/ul>\n<p>Exon\u00e9ration de cotisations patronales de s\u00e9curit\u00e9 sociale des r\u00e9mun\u00e9rations des aides \u00e0 domicile. Cette exon\u00e9ration est plafonn\u00e9e \u00e0 65 SMIC pour les personnes \u00e2g\u00e9es de plus de 70 ans (<em>code de la s\u00e9curit\u00e9 sociale article L241-10<\/em>).<\/p>\n","protected":false},"excerpt":{"rendered":"<p>Aides financi\u00e8res Il existe certaines aides pour financer des prestations de services \u00e0 la personne selon les cas. Pour les personnes \u00e2g\u00e9es et\/ou d\u00e9pendantes L\u2019Allocation Personnalis\u00e9e d\u2019Autonomie (APA) Elle est destin\u00e9e \u00e0 couvrir en partie les d\u00e9penses de toute nature, concourant \u00e0 l&rsquo;autonomie des personnes \u00e2g\u00e9es ayant besoin d&rsquo;aides pour accomplir des actes essentiels de [&hellip;]<\/p>\n","protected":false},"author":1,"featured_media":0,"parent":0,"menu_order":0,"comment_status":"closed","ping_status":"closed","template":"","meta":{"footnotes":""},"class_list":["post-150","page","type-page","status-publish","hentry","post"],"_links":{"self":[{"href":"https:\/\/resoadom33.org\/index.php\/wp-json\/wp\/v2\/pages\/150","targetHints":{"allow":["GET"]}}],"collection":[{"href":"https:\/\/resoadom33.org\/index.php\/wp-json\/wp\/v2\/pages"}],"about":[{"href":"https:\/\/resoadom33.org\/index.php\/wp-json\/wp\/v2\/types\/page"}],"author":[{"embeddable":true,"href":"https:\/\/resoadom33.org\/index.php\/wp-json\/wp\/v2\/users\/1"}],"replies":[{"embeddable":true,"href":"https:\/\/resoadom33.org\/index.php\/wp-json\/wp\/v2\/comments?post=150"}],"version-history":[{"count":3,"href":"https:\/\/resoadom33.org\/index.php\/wp-json\/wp\/v2\/pages\/150\/revisions"}],"predecessor-version":[{"id":266,"href":"https:\/\/resoadom33.org\/index.php\/wp-json\/wp\/v2\/pages\/150\/revisions\/266"}],"wp:attachment":[{"href":"https:\/\/resoadom33.org\/index.php\/wp-json\/wp\/v2\/media?parent=150"}],"curies":[{"name":"wp","href":"https:\/\/api.w.org\/{rel}","templated":true}]}}