{"id":65,"date":"2017-04-10T21:44:43","date_gmt":"2017-04-10T19:44:43","guid":{"rendered":"http:\/\/resoadom33.org\/?page_id=65"},"modified":"2026-03-23T11:48:07","modified_gmt":"2026-03-23T10:48:07","slug":"organisation","status":"publish","type":"page","link":"https:\/\/resoadom33.org\/index.php\/organisation\/","title":{"rendered":"Organisation"},"content":{"rendered":"<p>L\u2019Association est dirig\u00e9e par un <strong>Conseil d\u2019Administration<\/strong> constitu\u00e9 de membres b\u00e9n\u00e9voles qui prennent des d\u00e9cisions et se r\u00e9unissent une fois par an en Assembl\u00e9e G\u00e9n\u00e9rale pour prendre connaissance du rapport d\u2019activit\u00e9s et du bilan financier de l\u2019ann\u00e9e \u00e9coul\u00e9e<\/p>\n<p>Le conseil d&rsquo;administration de l&rsquo;association est compos\u00e9 de membres \u00e9lus lors de l&rsquo;assembl\u00e9e g\u00e9n\u00e9rale de l&rsquo;association. Le conseil d&rsquo;administration se r\u00e9unit plusieurs fois par an et autant que n\u00e9cessaire pour \u00e9changer avec la direction sur les diff\u00e9rentes probl\u00e9matiques en cours.<\/p>\n<p>A ce jour, le Conseil d&rsquo;Administration est compos\u00e9 de:<\/p>\n<ul>\n<li>M. Olivier Mingasson, Pr\u00e9sident,<\/li>\n<li>M. Basile Alonso, Secr\u00e9taire,<\/li>\n<li>M. Jean-Pierre Corbin, Administrateur,<\/li>\n<li>M. Bertrand de Saint-Viance, Tr\u00e9sorier<\/li>\n<\/ul>\n<p>Le Conseil d&rsquo;Administration vote les d\u00e9cisions importantes, nomme le directeur et donne les grandes orientations de l&rsquo;association. Monsieur Pierre Lada est le directeur de l&rsquo;association depuis janvier 2026.<\/p>\n<p><em>Association Loi 1901 Pr\u00e9f. Gironde N\u00b0W332001317 JO N\u00b033 du 16 ao\u00fbt 1997<\/em><br \/>\n<em> Agr\u00e9ment Pr\u00e9fecture Qualit\u00e9: R010911A033Q110 du 01.09.2011 \u2013 <\/em><\/p>\n<p><em>Code APE: 8810A<\/em><br \/>\n<em> Num\u00e9ro SIREN: 417 493 186<\/em><br \/>\n<em> Identification URSSAF 33: 727 000000602082402<\/em><br \/>\n<em> ASSEDIC 33: 01 079758Y3303 &#8211; MALAKOFF MEDERIC Retraite &#8211;<\/em><br \/>\n<em> Pr\u00e9voyance CHORUM<\/em><br \/>\n<em> Adh\u00e9rent Alliance Territoires &#8211; URIOPSS Aquitaine<\/em><\/p>\n","protected":false},"excerpt":{"rendered":"<p>L\u2019Association est dirig\u00e9e par un Conseil d\u2019Administration constitu\u00e9 de membres b\u00e9n\u00e9voles qui prennent des d\u00e9cisions et se r\u00e9unissent une fois par an en Assembl\u00e9e G\u00e9n\u00e9rale pour prendre connaissance du rapport d\u2019activit\u00e9s et du bilan financier de l\u2019ann\u00e9e \u00e9coul\u00e9e Le conseil d&rsquo;administration de l&rsquo;association est compos\u00e9 de membres \u00e9lus lors de l&rsquo;assembl\u00e9e g\u00e9n\u00e9rale de l&rsquo;association. Le [&hellip;]<\/p>\n","protected":false},"author":1,"featured_media":0,"parent":0,"menu_order":0,"comment_status":"closed","ping_status":"closed","template":"","meta":{"footnotes":""},"class_list":["post-65","page","type-page","status-publish","hentry","post"],"_links":{"self":[{"href":"https:\/\/resoadom33.org\/index.php\/wp-json\/wp\/v2\/pages\/65","targetHints":{"allow":["GET"]}}],"collection":[{"href":"https:\/\/resoadom33.org\/index.php\/wp-json\/wp\/v2\/pages"}],"about":[{"href":"https:\/\/resoadom33.org\/index.php\/wp-json\/wp\/v2\/types\/page"}],"author":[{"embeddable":true,"href":"https:\/\/resoadom33.org\/index.php\/wp-json\/wp\/v2\/users\/1"}],"replies":[{"embeddable":true,"href":"https:\/\/resoadom33.org\/index.php\/wp-json\/wp\/v2\/comments?post=65"}],"version-history":[{"count":12,"href":"https:\/\/resoadom33.org\/index.php\/wp-json\/wp\/v2\/pages\/65\/revisions"}],"predecessor-version":[{"id":263,"href":"https:\/\/resoadom33.org\/index.php\/wp-json\/wp\/v2\/pages\/65\/revisions\/263"}],"wp:attachment":[{"href":"https:\/\/resoadom33.org\/index.php\/wp-json\/wp\/v2\/media?parent=65"}],"curies":[{"name":"wp","href":"https:\/\/api.w.org\/{rel}","templated":true}]}}