{"id":7,"date":"2017-04-09T18:57:54","date_gmt":"2017-04-09T16:57:54","guid":{"rendered":"http:\/\/resoadom33.org\/?page_id=7"},"modified":"2026-05-06T09:58:33","modified_gmt":"2026-05-06T07:58:33","slug":"reso-a-domicile-bordeaux","status":"publish","type":"page","link":"https:\/\/resoadom33.org\/","title":{"rendered":"RESO &#8211; EMPLOIS A DOMICILE \u00e0 EYSINES (33320)"},"content":{"rendered":"<h1><strong>Notre Association<\/strong><\/h1>\n<p><img loading=\"lazy\" decoding=\"async\" class=\"size-medium wp-image-101 alignright\" src=\"http:\/\/resoadom33.org\/wp-content\/uploads\/2017\/04\/Fotolia_60137239_XS-300x200.jpg\" alt=\"\" width=\"300\" height=\"200\" \/><\/p>\n<p>Elle organise un service d\u2019aide et d\u2019accompagnement au domicile de nos b\u00e9n\u00e9ficiaires, \u00e2g\u00e9s et\/ou vuln\u00e9rables. Notre mission est d\u2019assurer l\u2019accompagnement n\u00e9cessaire leur permettant de pr\u00e9venir la perte de leur autonomie et de leur garantir la possibilit\u00e9 de continuer \u00e0 vivre chez eux. Les salari\u00e9(e)s de l\u2019Association interviennent sur des missions d&rsquo;aide \u00e0 la pr\u00e9paration des repas, d\u2019aide aux courses, d\u2019entretien de logement, de repassage et d\u2019accompagnement social de mani\u00e8re plus g\u00e9n\u00e9rale. Vous trouverez une liste d\u00e9taill\u00e9e de nos prestations dans <a href=\"https:\/\/resoadom33.org\/index.php\/services\/\" target=\"_blank\" rel=\"noopener\">l\u2019onglet L\u2019Association<\/a>.<\/p>\n<p>Ces prestations, planifi\u00e9es <strong>pour, avec et gr\u00e2ce aux b\u00e9n\u00e9ficiaires<\/strong>, sont modulables et adaptables. Elles sont assur\u00e9es 7 jours sur 7, par des intervenants(e)s exp\u00e9riment\u00e9s(e)s et form\u00e9s(e)s avec un suivi r\u00e9gulier de la qualit\u00e9 des prestations.<\/p>\n<p>L\u2019action sociale du service d&rsquo;Aide et d&rsquo;Accompagnement \u00e0 domicile s\u2019exerce dans <strong>l\u2019int\u00e9r\u00eat g\u00e9n\u00e9ral<\/strong> de la population, dans <strong>l\u2019int\u00e9r\u00eat particulier<\/strong> de chacun des b\u00e9n\u00e9ficiaires, et dans le cadre de <strong>l\u2019agr\u00e9ment conf\u00e9r\u00e9 par les autorit\u00e9s de contr\u00f4le<\/strong>.<\/p>\n<p>RESO &#8211; EMPLOIS A DOMICILE est une Association Loi 1901 de services \u00e0 la personne, autoris\u00e9e et agr\u00e9\u00e9e Qualit\u00e9. Elle a \u00e9t\u00e9 cr\u00e9\u00e9e le 3 juillet 1997 par d\u00e9cision de l\u2019Assembl\u00e9e G\u00e9n\u00e9rale Constitutive sous la d\u00e9claration N\u00b0785 parue au Journal Officiel de la R\u00e9publique Fran\u00e7aise N\u00b033 du 16 ao\u00fbt 1997.<\/p>\n<p>L\u2019Association b\u00e9n\u00e9ficie d\u2019un agr\u00e9ment d\u00e9livr\u00e9 par la Pr\u00e9fecture de la Gironde sous le num\u00e9ro <strong>: R010911A033Q110<\/strong> du 01.09.2011 et d\u2019une autorisation du Conseil D\u00e9partemental de la Gironde par \u00e9quivalence en application de l\u2019article 47 III de la loi\u00b0 2015-1776 du 28 d\u00e9cembre 2015 relative \u00e0 l\u2019adaptation de la soci\u00e9t\u00e9 au vieillissement.<\/p>\n<p>Partenaire du Conseil D\u00e9partemental de la Gironde, des Caisses de retraite, de la Caisse d\u2019Assurance Maladie, du ch\u00e8que SORTIR PLUS, de mutuelles, d\u2019Aquitaine Vigilance Et Maintien \u00ab AVEM (t\u00e9l\u00e9assistance).<\/p>\n<p><img loading=\"lazy\" decoding=\"async\" class=\"size-full wp-image-337 aligncenter\" src=\"https:\/\/resoadom33.org\/wp-content\/uploads\/2026\/05\/service.png\" alt=\"\" width=\"203\" height=\"117\" \/><\/p>\n<p>\u00ad<\/p>\n<h2><strong>&#8211; Territoires d&rsquo;intervention &#8211;<\/strong><\/h2>\n<p>L\u2019Association r\u00e9pond aux besoins des usagers sur territoire \u00e9tendu. Notre agr\u00e9ment nous permet d\u2019aider et d\u2019accompagner notre public sur toute la Gironde. Voici liste des villes actuellement desservies, par ordre alphab\u00e9tique :<\/p>\n<p>Ambar\u00e8s, Arsac, Blanquefort, Bordeaux, Bruges, Castelnau du M\u00e9doc, Caud\u00e9ran, Cenon, Eysines, Le Bouscat, Le Haillan, Le Pian-M\u00e9doc, Le Taillan-M\u00e9doc, Lormont, Ludon-M\u00e9doc, Macau, Parempuyre, Pessac, Saint-Aubin-de-M\u00e9doc, Saint-Laurent-du-M\u00e9doc, Saint-M\u00e9dard-en-Jalles, Martignas, M\u00e9rignac, Talence.<\/p>\n<h2 class=\"mceTemp\"><strong>&#8211; Pourquoi nous choisir ? &#8211;<\/strong><\/h2>\n<p><img loading=\"lazy\" decoding=\"async\" class=\"size-medium wp-image-102 alignleft\" src=\"http:\/\/resoadom33.org\/wp-content\/uploads\/2017\/04\/Fotolia_142630028_XS-300x200.jpg\" alt=\"\" width=\"300\" height=\"200\" \/><\/p>\n<p>Pour <strong>notre r\u00e9activ\u00e9<\/strong> : l&rsquo;Association met \u00e0 votre disposition, un personnel qualifi\u00e9 et exp\u00e9riment\u00e9, \u00e0 m\u00eame de r\u00e9pondre \u00e0 vos besoins d\u2019aide et d\u2019accompagnement \u00e0 domicile, et assure un suivi personnalis\u00e9 des interventions<em>. <\/em>Un simple appel t\u00e9l\u00e9phonique et <strong>tout s\u2019organise dans les 48 heures<\/strong>.<\/p>\n<p>Pour <strong>notre disponibilit\u00e9<\/strong> : nous organisons des prestations adapt\u00e9es \u00e0 vos besoins, tous les jours de l&rsquo;ann\u00e9e, 7 jours sur 7, 24 heures sur 24 et 365 jours par an. Pour ce faire, nous vous proposons de rencontrer l&rsquo;une de nos responsables de secteur, soit \u00e0 votre domicile soit dans nos locaux, afin d\u2019\u00e9tablir une \u00e9valuation gratuite et envisager ensemble votre soutien \u00e0 domicile.<\/p>\n<p>Pour <strong>l&rsquo;individualisation des prestations<\/strong> : les responsables de secteur de l&rsquo;Association coordonnent le suivi de votre projet d\u2019aide ou d\u2019accompagnement individualis\u00e9. Elle se charge de mettre en place des horaires raisonnables et souples adapt\u00e9s \u00e0 vos besoins propres, ainsi qu\u2019un personnel disponible toute l\u2019ann\u00e9e et en mesure d\u2019honorer ses prestations m\u00eame en situation d\u2019urgence.<\/p>\n<p>Pour <strong>nos conseils<\/strong> : RESO &#8211; EMPLOIS A DOMICILE vous oriente et assure le montage de votre dossier administratif pour b\u00e9n\u00e9ficier d\u2019aides financi\u00e8res (APA, PCH, \u2026). De plus, pour votre parfaite information, il est \u00e9tabli <strong>un devis gratuit<\/strong> pour toute prestation d&rsquo;un montant sup\u00e9rieur \u00e0 100\u20ac TTC. Il est fourni par ailleurs \u00e0 la demande de l\u2019usager en toutes circonstances.<\/p>\n<h2 class=\"mceTemp\"><strong>&#8211; Simplicit\u00e9 de fonctionnement &#8211;<\/strong><\/h2>\n<p>Pour la r\u00e9alisation de ces services, RESO &#8211; EMPLOIS A DOMICILE propose, dans son ensemble, deux modes d&rsquo;intervention : le mode prestataire et le mode mandataire.<\/p>\n<ul>\n<li>En mode <strong>prestataire<\/strong>, l&rsquo;Association est employeur de l&rsquo;intervenant(e) \u00e0 domicile et assure l&rsquo;int\u00e9gralit\u00e9 de cette fonction. Elle s&rsquo;engage \u00e0 proposer du personnel qualifi\u00e9 adapt\u00e9 \u00e0 la demande.<\/li>\n<\/ul>\n<p>L\u2019usager est li\u00e9 \u00e0 l&rsquo;Association par un contrat individuel de prestation qui pr\u00e9cise les modalit\u00e9s d&rsquo;intervention du service.<\/p>\n<ul>\n<li>En mode <strong>mandataire<\/strong>, le particulier est employeur de l&rsquo;intervenant(e) \u00e0 domicile. L&rsquo;Association assure pour le particulier employeur les formalit\u00e9s administratives et les d\u00e9clarations sociales et fiscales li\u00e9es \u00e0 l&#8217;emploi. Elle lui pr\u00e9sente \u00e9galement du personnel ayant le profil adapt\u00e9.<\/li>\n<\/ul>\n<p>Le particulier employeur mandate l&rsquo;Association pour l&rsquo;accompagner et le conseiller dans l&rsquo;exercice de sa fonction d&#8217;employeur ; il est li\u00e9 \u00e0 l&rsquo;Association par un contrat de mandat.<\/p>\n<ul>\n<li>Il est possible de b\u00e9n\u00e9ficier d&rsquo;un <strong>cr\u00e9dit d&rsquo;imp\u00f4t<\/strong> pour certaines d\u00e9penses. Nous contacter pour plus de d\u00e9tails.<\/li>\n<\/ul>\n<p><img loading=\"lazy\" decoding=\"async\" class=\"size-full wp-image-336 aligncenter\" src=\"https:\/\/resoadom33.org\/wp-content\/uploads\/2026\/05\/fisc.png\" alt=\"\" width=\"246\" height=\"100\" \/><\/p>\n<ul>\n<li>Pour le r\u00e8glement de vos prestations, tous les modes de paiement sont accept\u00e9s : esp\u00e8ces (pour des montants inf\u00e9rieurs \u00e0 1.000 \u20ac TTC. Attention le r\u00e8glement en esp\u00e8ces ne peut donner droit au cr\u00e9dit d&rsquo;imp\u00f4t) ; ch\u00e8ques ; pr\u00e9l\u00e8vement automatique ; virement bancaire et <strong>CESU<\/strong> (<strong>ch\u00e8que emploi service universel<\/strong>) pr\u00e9financ\u00e9.<\/li>\n<\/ul>\n<p><img loading=\"lazy\" decoding=\"async\" class=\"size-full wp-image-335 aligncenter\" src=\"https:\/\/resoadom33.org\/wp-content\/uploads\/2026\/05\/cesu.png\" alt=\"\" width=\"189\" height=\"137\" \/><\/p>\n<h2><strong>&#8211; Nos valeurs &#8211;<\/strong><\/h2>\n<ul>\n<li>Le respect de la vie et de la dignit\u00e9.<\/li>\n<li>L&rsquo;\u00e9coute et l&rsquo;attention au bien-\u00eatre de l&rsquo;autre.<\/li>\n<li>La prise en compte de l&rsquo;expression de la volont\u00e9 des personnes quel que soit leur degr\u00e9 de d\u00e9pendance et d&rsquo;autonomie.<\/li>\n<li>L&rsquo;esprit de solidarit\u00e9 entre toutes les parties prenantes de l&rsquo;Association que sont les administrateurs b\u00e9n\u00e9voles, les professionnels, les personnes accompagn\u00e9es et leurs familles ainsi que les partenaires ext\u00e9rieurs<\/li>\n<\/ul>\n<h2><strong>&#8211; L&rsquo;\u00e9quipe d&rsquo;Intervenants &#8211;<\/strong><\/h2>\n<p>A ce jour, ce sont 60 salari\u00e9s RESO qui interviennent au domicile de nos b\u00e9n\u00e9ficiaires.<\/p>\n<p>Nos objectifs, vis-\u00e0-vis de nos b\u00e9n\u00e9ficiaires (aide et accompagnement), passent obligatoirement par un soutien de tous les instants apport\u00e9 au seul moyen \u00e0 notre disposition, \u00e0 savoir l\u2019\u00e9quipe des intervenants. C&rsquo;est la raison pour laquelle, en cette ann\u00e9e 2026, l\u2019Association est engag\u00e9e dans une refonte de sa d\u00e9marche Qualit\u00e9. Nous mettons dor\u00e9navant l\u2019accent sur l\u2019aspect collectif du m\u00e9tier, sur la mont\u00e9e en comp\u00e9tences de nos intervenants (formations diverses), sur l\u2019Analyse des Pratiques Professionnelles avec le concours de psychologues du travail, et la sensibilisation \u00e0 toutes les composantes de la prise en charge de nos b\u00e9n\u00e9ficiaires (douleur, intimit\u00e9, droits et libert\u00e9s etc.).<\/p>\n<p>Nous sommes d\u2019ailleurs en recherche active de nouveaux collaborateurs. Si vous \u00eates Auxiliaire de Vie Sociale (AVS), Auxiliaire De Vie aux Familles (ADVF), Accompagnant \u00c9ducatif et Social (AES), nous vous invitons \u00e0 consulter <a href=\"https:\/\/resoadom33.org\/index.php\/nous-recrutons-offre-demploi\/\" target=\"_blank\" rel=\"noopener\">la page \u00ab\u00a0Nous recrutons &#8211; Offre d&#8217;emploi\u00a0\u00bb<\/a>.<\/p>\n<p>Notice de l&rsquo;association en cliquant sur le logo du D\u00e9partement de la Gironde.<\/p>\n<p><a href=\"https:\/\/www.gironde.fr\/handicap-grand-age\/vivre-domicile\/trouver-un-service-d-aide-domicile-pres-de-chez-vous\/reso-emplois\" target=\"_blank\" rel=\"noopener\"><img loading=\"lazy\" decoding=\"async\" class=\"alignnone size-full wp-image-317\" src=\"https:\/\/resoadom33.org\/wp-content\/uploads\/2026\/05\/logo.png\" alt=\"\" width=\"288\" height=\"84\" \/><\/a><\/p>\n<h4><\/h4>\n<p><img loading=\"lazy\" decoding=\"async\" class=\"size-full wp-image-52 alignleft\" src=\"http:\/\/resoadom33.org\/wp-content\/uploads\/2017\/04\/cesu.png\" alt=\"\" width=\"189\" height=\"137\" \/><\/p>\n","protected":false},"excerpt":{"rendered":"<p>Notre Association Elle organise un service d\u2019aide et d\u2019accompagnement au domicile de nos b\u00e9n\u00e9ficiaires, \u00e2g\u00e9s et\/ou vuln\u00e9rables. Notre mission est d\u2019assurer l\u2019accompagnement n\u00e9cessaire leur permettant de pr\u00e9venir la perte de leur autonomie et de leur garantir la possibilit\u00e9 de continuer \u00e0 vivre chez eux. Les salari\u00e9(e)s de l\u2019Association interviennent sur des missions d&rsquo;aide \u00e0 la [&hellip;]<\/p>\n","protected":false},"author":1,"featured_media":0,"parent":0,"menu_order":0,"comment_status":"closed","ping_status":"closed","template":"","meta":{"footnotes":""},"class_list":["post-7","page","type-page","status-publish","hentry","post"],"_links":{"self":[{"href":"https:\/\/resoadom33.org\/index.php\/wp-json\/wp\/v2\/pages\/7","targetHints":{"allow":["GET"]}}],"collection":[{"href":"https:\/\/resoadom33.org\/index.php\/wp-json\/wp\/v2\/pages"}],"about":[{"href":"https:\/\/resoadom33.org\/index.php\/wp-json\/wp\/v2\/types\/page"}],"author":[{"embeddable":true,"href":"https:\/\/resoadom33.org\/index.php\/wp-json\/wp\/v2\/users\/1"}],"replies":[{"embeddable":true,"href":"https:\/\/resoadom33.org\/index.php\/wp-json\/wp\/v2\/comments?post=7"}],"version-history":[{"count":56,"href":"https:\/\/resoadom33.org\/index.php\/wp-json\/wp\/v2\/pages\/7\/revisions"}],"predecessor-version":[{"id":369,"href":"https:\/\/resoadom33.org\/index.php\/wp-json\/wp\/v2\/pages\/7\/revisions\/369"}],"wp:attachment":[{"href":"https:\/\/resoadom33.org\/index.php\/wp-json\/wp\/v2\/media?parent=7"}],"curies":[{"name":"wp","href":"https:\/\/api.w.org\/{rel}","templated":true}]}}