{"id":73,"date":"2017-04-10T21:56:03","date_gmt":"2017-04-10T19:56:03","guid":{"rendered":"http:\/\/resoadom33.org\/?page_id=73"},"modified":"2017-04-10T21:56:03","modified_gmt":"2017-04-10T19:56:03","slug":"perimetre-dintervention","status":"publish","type":"page","link":"https:\/\/resoadom33.org\/index.php\/perimetre-dintervention\/","title":{"rendered":"P\u00e9rim\u00e8tre d&rsquo;intervention"},"content":{"rendered":"<p>Concernant les deux modalit\u00e9s d\u2019intervention propos\u00e9es, il existe des attributions propres au service d\u2019aide \u00e0 la personne reparties sous deux aspects \u00e0 savoir\u00a0: les <strong>attributions autoris\u00e9es<\/strong> et <strong>non autoris\u00e9es<\/strong>.<\/p>\n<p>&nbsp;<\/p>\n<h3><strong>ATTRIBUTIONS AUTORIS\u00c9ES<\/strong><\/h3>\n<p>L\u2019intervenant(e) est habilit\u00e9(e) \u00e0\u00a0:<\/p>\n<ul>\n<li>Fournir de l\u2019aide au bien \u00eatre physique et moral de la personne (aide \u00e0 la toilette, aide aux soins d\u2019hygi\u00e8ne, d\u2019habillement, changement des protections, conseil alimentaire, \u00e9coute\u2026)<\/li>\n<li>Proc\u00e9der \u00e0 l\u2019am\u00e9nagement de l\u2019espace dans le but d\u2019am\u00e9liorer la s\u00e9curit\u00e9 de vie au domicile.<\/li>\n<li>Se d\u00e9placer \u00e0 l\u2019int\u00e9rieur comme \u00e0 l\u2019ext\u00e9rieur de votre logement<\/li>\n<li>Vous aider au lever, au coucher, \u00e0 la marche, aux sorties, au transfert, \u2026<\/li>\n<li>Vous aider au maintien d\u2019une vie sociale et relationnelle (accompagnement pour les d\u00e9marches administratives, pour les visites chez votre famille, amis, ou autres loisirs\u2026)<\/li>\n<li>Entretenir r\u00e9guli\u00e8rement les diff\u00e9rentes pi\u00e8ces que vous occupez habituellement : d\u00e9poussi\u00e9rage des meubles, aspiration, nettoyage des sols, des sanitaires, nettoyage de l\u2019int\u00e9rieur des r\u00e9frig\u00e9rateurs, des placards, vaisselle courante\u2026<\/li>\n<li>Laver des vitres accessibles sans danger.<\/li>\n<li>Faire le lit, changement des draps,<\/li>\n<li>Entretenir du linge : lavage du petit linge, repassage de votre linge \u00e0 votre domicile. Portage du linge \u00e0 la blanchisserie, lavage du linge en laverie.<\/li>\n<li>Vous aider \u00e0 la r\u00e9alisation des achats (courses\u2026)<\/li>\n<li>Pr\u00e9parer des repas, aider \u00e0 la prise des repas en veillant au r\u00e9gime alimentaire du b\u00e9n\u00e9ficiaire.<\/li>\n<li>Sous r\u00e9serve d\u2019un contrat sp\u00e9cifique, effectuer des travaux ext\u00e9rieurs (jardinage, peinture, \u2026)<\/li>\n<\/ul>\n<p>&nbsp;<\/p>\n<h3><strong>ATTRIBUTIONS NON AUTORIS\u00c9ES<\/strong><\/h3>\n<p>L\u2019intervenant(e) n\u2019est pas autoris\u00e9(e) \u00e0\u00a0:<\/p>\n<ul>\n<li>Faire des gros travaux tels que : lavage des murs ou des plafonds, nettoyage des caves, greniers, lessivage des moquettes, d\u00e9capage des sols\u2026<\/li>\n<li>D\u00e9placer les meubles lourds ou les gros appareils m\u00e9nagers,<\/li>\n<li>Laver les draps dans la baignoire, faire des lessives compl\u00e8tes \u00e0 la main,<\/li>\n<li>Effectuer des travaux pr\u00e9sentant un risque li\u00e9 \u00e0 la hauteur, \u00e0 l\u2019\u00e9lectricit\u00e9,<\/li>\n<li>Effectuer des soins n\u00e9cessitant la possession d\u2019un dipl\u00f4me sp\u00e9cifique,<\/li>\n<li>Pour les auxiliaires de vie, assurer la toilette compl\u00e8te des personnes non valides (cette action n\u2019\u00e9tant pas effectu\u00e9e seule mais en tant qu\u2019aide du personnel sp\u00e9cialis\u00e9).<\/li>\n<li>Etre au service de vos invit\u00e9s ou de tout autre membre de la famille s\u00e9journant chez vous.<\/li>\n<\/ul>\n<p>&nbsp;<\/p>\n<h3>Le proche aidant et la personne de confiance<\/h3>\n<p>Un \u00ab <strong>proche aidant<\/strong> \u00bb d\u00e9sign\u00e9 par la personne accompagn\u00e9e est recommand\u00e9. Cette notion ne concerne que les personnes \u00e2g\u00e9es qui peuvent d\u00e9signer leur conjoint(e), partenaire avec qui elles ont conclu un pacte civil de solidarit\u00e9 ou leur concubin(e), un parent ou un(e) alli\u00e9(e), d\u00e9finis comme aidants familiaux, ou une personne r\u00e9sidant avec elles ou entretenant avec elles des liens \u00e9troits et stables, qui leur vient en aide, de mani\u00e8re r\u00e9guli\u00e8re et fr\u00e9quente, \u00e0 titre non professionnel, pour accomplir tout ou partie des actes ou des activit\u00e9s de la vie quotidienne (art. L. 113-1-3 du CASF). Le proche aidant est associ\u00e9 \u00e0 la mise en place et \u00e0 l\u2019\u00e9volution des prestations. Elle b\u00e9n\u00e9ficie dor\u00e9navant d\u2019un droit au r\u00e9pit dans le cadre des plans d\u2019aide APA.<\/p>\n<p>La personne accompagn\u00e9e a droit de recourir \u00e0 une \u00ab\u00a0<strong>personne de confiance\u00a0<\/strong>\u00bb <u>lorsqu\u2019elle n\u2019est plus en capacit\u00e9 d\u2019exprimer sa volont\u00e9. La personne de confiance pourra l\u2019assister pendant ses entretiens m\u00e9dicaux<\/u>.<\/p>\n<p><em>M\u00eame si ce n\u2019est pas obligatoire, il est pr\u00e9f\u00e9rable pour faciliter l\u2019intervention du service et la coh\u00e9rence de l\u2019organisation que le proche aidant soit d\u00e9sign\u00e9 \u00e9galement personne de confiance.<\/em><\/p>\n<p>Les conditions particuli\u00e8res du contrat de prestation (devis) comportent une rubrique pour la d\u00e9signation du proche aidant. La d\u00e9signation de la personne de confiance doit \u00eatre r\u00e9alis\u00e9e dans un document distinct.<\/p>\n","protected":false},"excerpt":{"rendered":"<p>Concernant les deux modalit\u00e9s d\u2019intervention propos\u00e9es, il existe des attributions propres au service d\u2019aide \u00e0 la personne reparties sous deux aspects \u00e0 savoir\u00a0: les attributions autoris\u00e9es et non autoris\u00e9es. &nbsp; ATTRIBUTIONS AUTORIS\u00c9ES L\u2019intervenant(e) est habilit\u00e9(e) \u00e0\u00a0: Fournir de l\u2019aide au bien \u00eatre physique et moral de la personne (aide \u00e0 la toilette, aide aux soins [&hellip;]<\/p>\n","protected":false},"author":1,"featured_media":0,"parent":0,"menu_order":0,"comment_status":"closed","ping_status":"closed","template":"","meta":{"footnotes":""},"class_list":["post-73","page","type-page","status-publish","hentry","post"],"_links":{"self":[{"href":"https:\/\/resoadom33.org\/index.php\/wp-json\/wp\/v2\/pages\/73","targetHints":{"allow":["GET"]}}],"collection":[{"href":"https:\/\/resoadom33.org\/index.php\/wp-json\/wp\/v2\/pages"}],"about":[{"href":"https:\/\/resoadom33.org\/index.php\/wp-json\/wp\/v2\/types\/page"}],"author":[{"embeddable":true,"href":"https:\/\/resoadom33.org\/index.php\/wp-json\/wp\/v2\/users\/1"}],"replies":[{"embeddable":true,"href":"https:\/\/resoadom33.org\/index.php\/wp-json\/wp\/v2\/comments?post=73"}],"version-history":[{"count":1,"href":"https:\/\/resoadom33.org\/index.php\/wp-json\/wp\/v2\/pages\/73\/revisions"}],"predecessor-version":[{"id":74,"href":"https:\/\/resoadom33.org\/index.php\/wp-json\/wp\/v2\/pages\/73\/revisions\/74"}],"wp:attachment":[{"href":"https:\/\/resoadom33.org\/index.php\/wp-json\/wp\/v2\/media?parent=73"}],"curies":[{"name":"wp","href":"https:\/\/api.w.org\/{rel}","templated":true}]}}