{"id":78,"date":"2017-04-10T22:06:22","date_gmt":"2017-04-10T20:06:22","guid":{"rendered":"http:\/\/resoadom33.org\/?page_id=78"},"modified":"2017-04-11T11:23:18","modified_gmt":"2017-04-11T09:23:18","slug":"assurances","status":"publish","type":"page","link":"https:\/\/resoadom33.org\/index.php\/assurances\/","title":{"rendered":"assurances"},"content":{"rendered":"<h1>RESO-EMPLOIS \u00c0 DOMICILE<\/h1>\n<p>a souscrit une police d\u2019assurance :<\/p>\n<ul>\n<li>\u00ab <strong>Responsabilit\u00e9 Civile<\/strong> \u00bb aupr\u00e8s de la <strong>compagnie COVEA RISKS<\/strong> pour tous les dommages pouvant \u00eatre caus\u00e9s par notre personnel dans l\u2019exercice de ses fonctions.<\/li>\n<li><strong>Pour les locaux constituant le Si\u00e8ge Social et le Centre de recrutement et de coordination ainsi que ses dirigeants et employ\u00e9s permanents.<\/strong><\/li>\n<\/ul>\n<p>&nbsp;<\/p>\n<p>RESO-EMPLOIS \u00c0 DOMICILE est <strong>partenaire<\/strong> de la <strong>soci\u00e9t\u00e9 VITARIS<\/strong> qui est <u>leader de la t\u00e9l\u00e9assistance<\/u> en France. Elle met \u00e0 votre disposition ses \u00e9quipes de professionnels pour vous apporter \u00e9coute, assistance et r\u00e9confort. \u00ab\u00a0Vous \u00eates victime d\u2019un malaise ou d\u2019une chute \u00e0 votre domicile, vous avez envie de parler, vous vous sentez seule, vous \u00eates angoiss\u00e9e: une seule pression sur votre d\u00e9clencheur portatif et vous \u00eates en relation imm\u00e9diate avec un charg\u00e9 d\u2019\u00e9coute et d\u2019assistance 7 jours sur 7 et 24 heures sur 24\u00a0\u00bb. Pour plus d\u2019informations\u00a0:<\/p>\n<p>&nbsp;<\/p>\n<p><strong>T\u00e9l\u00e9assistance VITARIS<\/strong><\/p>\n<p><strong>AVEM 33<\/strong><\/p>\n<p>26, AV. Gustave EIFFEL<\/p>\n<p>33700 M\u00c9RIGNAC Cedex<\/p>\n<p>T\u00e9l\u00a0: 05.56.34.79.52<\/p>\n<p>Fax\u00a0: 05.56.13.01.80<\/p>\n<p>Email\u00a0: <a href=\"mailto:contact@avem-assistance.fr\">contact@avem-assistance.fr<\/a><\/p>\n<p>Site web\u00a0: <a href=\"http:\/\/www.avemteleassistance.help\">www.avemteleassistance.help<\/a><\/p>\n","protected":false},"excerpt":{"rendered":"<p>RESO-EMPLOIS \u00c0 DOMICILE a souscrit une police d\u2019assurance : \u00ab Responsabilit\u00e9 Civile \u00bb aupr\u00e8s de la compagnie COVEA RISKS pour tous les dommages pouvant \u00eatre caus\u00e9s par notre personnel dans l\u2019exercice de ses fonctions. Pour les locaux constituant le Si\u00e8ge Social et le Centre de recrutement et de coordination ainsi que ses dirigeants et employ\u00e9s [&hellip;]<\/p>\n","protected":false},"author":1,"featured_media":0,"parent":0,"menu_order":0,"comment_status":"closed","ping_status":"closed","template":"","meta":{"footnotes":""},"class_list":["post-78","page","type-page","status-publish","hentry","post"],"_links":{"self":[{"href":"https:\/\/resoadom33.org\/index.php\/wp-json\/wp\/v2\/pages\/78","targetHints":{"allow":["GET"]}}],"collection":[{"href":"https:\/\/resoadom33.org\/index.php\/wp-json\/wp\/v2\/pages"}],"about":[{"href":"https:\/\/resoadom33.org\/index.php\/wp-json\/wp\/v2\/types\/page"}],"author":[{"embeddable":true,"href":"https:\/\/resoadom33.org\/index.php\/wp-json\/wp\/v2\/users\/1"}],"replies":[{"embeddable":true,"href":"https:\/\/resoadom33.org\/index.php\/wp-json\/wp\/v2\/comments?post=78"}],"version-history":[{"count":2,"href":"https:\/\/resoadom33.org\/index.php\/wp-json\/wp\/v2\/pages\/78\/revisions"}],"predecessor-version":[{"id":124,"href":"https:\/\/resoadom33.org\/index.php\/wp-json\/wp\/v2\/pages\/78\/revisions\/124"}],"wp:attachment":[{"href":"https:\/\/resoadom33.org\/index.php\/wp-json\/wp\/v2\/media?parent=78"}],"curies":[{"name":"wp","href":"https:\/\/api.w.org\/{rel}","templated":true}]}}